{"id":246,"date":"2016-08-28T21:13:45","date_gmt":"2016-08-28T21:13:45","guid":{"rendered":"https:\/\/savjetovaliste-vn.org\/?page_id=246"},"modified":"2017-01-01T12:11:41","modified_gmt":"2017-01-01T12:11:41","slug":"o-centru","status":"publish","type":"page","link":"https:\/\/savjetovaliste-vn.org\/?page_id=246","title":{"rendered":"O Centru"},"content":{"rendered":"<div style=\"text-align: justify;\">\n\t<span style=\"font-size:14px;\"><span style=\"font-family: verdana,geneva,sans-serif;\">Centar za savjetovanje je projekt Vrhbosanske nadbiskupije, a omogu\u0107en je podr&scaron;kom Vrhbosanskog nadbiskupa, kardinala Vinka Pulji\u0107a, te donacijom <em>Renovabisa i Ameri\u010dke biskupske Konferencije.<\/em> Ideja za otvaranjem Centra za savjetovanje proizlazi iz potrebe da se prati osobe na psiholo&scaron;ko-duhovnom putu.<br \/>\n\t&nbsp;<br \/>\n\t<strong>Papa Franjo nagla&scaron;ava va\u017enost osobnog pra\u0107enja u procesima rasta:<\/strong><\/span><\/span>\n<\/div>\n<div style=\"text-align: justify;\">\n\t<br \/>\n\t<span style=\"font-size:14px;\"><span style=\"font-family: verdana,geneva,sans-serif;\"><em>&bdquo;Crkva \u0107e svoje \u010dlanove &ndash; sve\u0107enike, redovnike i vjernike laike &ndash; morati uvesti u to &lsquo;umije\u0107e pra\u0107enja drugoga&rsquo;, kako bi svi nau\u010dili izuti svoje sandale pred svetim tlom drugoga (usp. Izl 3,5). Ritam toga pra\u0107enja mora biti odmjeren i ohrabruju\u0107i, odra\u017eavaju\u0107i na&scaron;u bliskost i pogled pun po&scaron;tovanja i suosje\u0107anja, koji ujedno ozdravlja, osloba\u0111a i poti\u010de rast u kr&scaron;\u0107anskom \u017eivotu&rdquo; (Evangelii Gaudium, 169).<\/em><br \/>\n\t&nbsp;<br \/>\n\tOva potreba, pratiti osobe prema cjelovitoj zrelosti, tj. ljudskoj i kr&scaron;\u0107anskoj, odavno je prisutna i u Vrhbosanskoj nadbiskupiji. Kako bi odgovorili na psiholo&scaron;ko-duhovne potrebe otvoren je Centar za savjetovanje Vrhbosanske nadbiskupije u listopadu 2014. Prilikom blagoslova prostorija Centra 18. studenoga 2014., nadbiskup i metropolit vrhbosanski, Vinko kardinal Pulji\u0107 kazao je kako se ve\u0107 dugo osje\u0107a potreba za radom jednog centra ovakvog tipa, napominju\u0107i da do njegovog otvaranja ranije nije do&scaron;lo zbog brojnih drugih prioriteta u na&scaron;oj nadbiskupiji. Tom prilikom kardinal Pulji\u0107 je tako\u0111er istaknuo da ovakva savjetovali&scaron;ta ve\u0107 dugo postoje u brojnim drugim biskupijama u inozemstvu.<br \/>\n\t&nbsp;<br \/>\n\tVa\u017eno je spomenuti kako je Centar za savjetovanje Vrhbosanske nadbiskupije koncipiran po modelu Centra za savjetovanje Instituta psihologije na Papinskom sveu\u010dili&scaron;tu Gregoriana u Rimu. Ova pedago&scaron;ka metoda, odnosno psiholo&scaron;ko-duhovno pra\u0107enje osoba u Centru za savjetovanje na Gregoriani, pokazala se jako korisnom i u\u010dinkovitom u formaciji duhovnih osoba i vjernika laika. Centar za savjetovanje vodi dr. sc. Sanda Smoljo, teologinja i psihologinja. U Centru za savjetovanje po potrebi djeluje i sve\u0107enik, kao duhovni asistent.<br \/>\n\t&nbsp;<br \/>\n\t<strong>O voditeljici Centra:<\/strong><\/span><\/span>\n<\/div>\n<div style=\"text-align: justify;\">\n\t<br \/>\n\t<span style=\"font-size:14px;\"><span style=\"font-family: verdana,geneva,sans-serif;\">Dr. sc. Sanda D. Smoljo ro\u0111ena je 1982. godine u Sarajevu. U Katoli\u010dkom &scaron;kolskom centru &bdquo;Sv. Josip&rdquo; zavr&scaron;ava Srednju medicinsku &scaron;kolu 2001. godine, nakon koje upisuje studij teologije na Katoli\u010dkom bogoslovnom fakultetu u Sarajevu. Diplomirala je 2007. godine iz podru\u010dja moralne teologije. U periodu od 2003. do 2005. godine radi u Caritasu Vrhbosanske nadbiskupije. U ljeto 2004. godine kao uposlenica Caritasa odlazi u New Jersey na tromjese\u010dno sta\u017eiranje u Catholic Charities. Godine 2005. po\u010dinje raditi u Uredu za pastoral mladih Vrhbosanske nadbiskupije. Od 2008. do 2012. godine studirala je dubinsku psihologiju u Rimu, na Papinskom sveu\u010dili&scaron;tu Gregoriana. Stupanj magisterija postigla je 2011. godine, a doktorsku disertaciju na istom fakultetu uspje&scaron;no je obranila 2016. godine.<br \/>\n\t&nbsp;<br \/>\n\tPrakti\u010dni dio studija iz klini\u010dke psihologije poha\u0111ala je u Centru za savjetovanje pri Institutu za Psihologiju u Rimu. Rad je uklju\u010divao procjenu osobnosti, individualnu i grupnu psihoterapiju s osobama iz duhovnog i lai\u010dkog stale\u017ea. Sta\u017eiranje iz psihijatrije obavila je u jednoj psihijatrijskoj ustanovi u Rimu. Od listopada 2014. voditeljica je Centra za savjetovanje Vrhbosanske nadbiskupije. Od akademske godine 2015.\/2016. radi kao vi&scaron;i asistent na Katoli\u010dkom bogoslovnom fakultetu Univerziteta u Sarajevu pri katedri filozifije na kojoj predaje psiholo&scaron;ke kolegije. Od akademske godine 2016.\/2017. predaje psiholo&scaron;ke predmete na Teolo&scaron;ko-katehetskom institutu u Mostaru, te na Katoli\u010dkom bogoslovnom fakultetu u \u0110akovu. Od velja\u010de 2016. godine sudjeluje u edukaciji iz grupne analize na Institutu za grupnu analizu u Zagrebu.<\/span><\/span>\n<\/div>\n<p>\n\t&nbsp;<\/p>\n","protected":false},"excerpt":{"rendered":"<p>Centar za savjetovanje je projekt Vrhbosanske nadbiskupije, a omogu\u0107en je podr&scaron;kom Vrhbosanskog nadbiskupa, kardinala Vinka Pulji\u0107a, te donacijom Renovabisa i Ameri\u010dke biskupske Konferencije. Ideja za otvaranjem Centra za savjetovanje proizlazi iz potrebe da se prati osobe na psiholo&scaron;ko-duhovnom putu. &nbsp; Papa Franjo nagla&scaron;ava va\u017enost osobnog pra\u0107enja u procesima rasta: &bdquo;Crkva \u0107e svoje \u010dlanove &ndash; sve\u0107enike, [&hellip;]<\/p>\n","protected":false},"author":4,"featured_media":0,"parent":0,"menu_order":0,"comment_status":"closed","ping_status":"closed","template":"","meta":{"footnotes":""},"class_list":["post-246","page","type-page","status-publish","hentry"],"_links":{"self":[{"href":"https:\/\/savjetovaliste-vn.org\/index.php?rest_route=\/wp\/v2\/pages\/246","targetHints":{"allow":["GET"]}}],"collection":[{"href":"https:\/\/savjetovaliste-vn.org\/index.php?rest_route=\/wp\/v2\/pages"}],"about":[{"href":"https:\/\/savjetovaliste-vn.org\/index.php?rest_route=\/wp\/v2\/types\/page"}],"author":[{"embeddable":true,"href":"https:\/\/savjetovaliste-vn.org\/index.php?rest_route=\/wp\/v2\/users\/4"}],"replies":[{"embeddable":true,"href":"https:\/\/savjetovaliste-vn.org\/index.php?rest_route=%2Fwp%2Fv2%2Fcomments&post=246"}],"version-history":[{"count":8,"href":"https:\/\/savjetovaliste-vn.org\/index.php?rest_route=\/wp\/v2\/pages\/246\/revisions"}],"predecessor-version":[{"id":568,"href":"https:\/\/savjetovaliste-vn.org\/index.php?rest_route=\/wp\/v2\/pages\/246\/revisions\/568"}],"wp:attachment":[{"href":"https:\/\/savjetovaliste-vn.org\/index.php?rest_route=%2Fwp%2Fv2%2Fmedia&parent=246"}],"curies":[{"name":"wp","href":"https:\/\/api.w.org\/{rel}","templated":true}]}}